{"id":1265,"date":"2014-01-13T12:18:40","date_gmt":"2014-01-13T12:18:40","guid":{"rendered":"http:\/\/www.enart.com.pl\/?page_id=1265"},"modified":"2023-09-20T12:38:56","modified_gmt":"2023-09-20T12:38:56","slug":"edukuja","status":"publish","type":"page","link":"https:\/\/www.enart.com.pl\/?page_id=1265","title":{"rendered":"Edukuj\u0105"},"content":{"rendered":"<p>Naturalnie na edukowaniu si\u0119 nie ko\u0144czy. Nauczycielki przecie\u017c zapewniaj\u0105 wszechstronn\u0105 opiek\u0119, wychowuj\u0105, pociesz\u0105 czy przytul\u0105 w potrzebie.<\/p>\n<p>_____________________________<\/p>\n<p>lic. <strong>Karolina Adamczak<\/strong><\/p>\n<p>_____________________________<\/p>\n<p>mgr <strong>Julia Wojtkowiak<\/strong> &#8211; nauczyciel wychowania przedszkolnego (grupa \u201eBiedronki\u201d)<\/p>\n<p>Kwalifikacje:<\/p>\n<ul>\n<li>Wy\u017csza Szko\u0142a Nauk Humanistycznych i Dziennikarstwa (obecnie Collegium Da Vinci) w Poznaniu \u2013 studia licencjackie- Kierunek: Edukacja wczesnoszkolna i przedszkolna<\/li>\n<li>Wy\u017csza Szko\u0142a Humanistyczna im. Kr\u00f3la Stanis\u0142awa Leszczy\u0144skiego w Lesznie- studia magisterskie- Kierunek: Wychowanie przedszkolne i edukacja wczesnoszkolna<\/li>\n<\/ul>\n<p>Kursy:<\/p>\n<ul>\n<li>\u201eJak nauczy\u0107 porozumiewania si\u0119 dzieci, kt\u00f3re chcia\u0142yby m\u00f3wi\u0107, ale nie mog\u0105?\u201d<\/li>\n<li>\u201eTerapia r\u0119ki I i II stopnia\u201d<\/li>\n<li>\u201eOriginal Play. Pierwotna zabawa\u201d<\/li>\n<li>\u201eTerapia dysfunkcji ustno-twarzowych z zastosowaniem stymulacji neurosensomotorycznej\u201d<\/li>\n<li>Warsztaty metodologii Marii Montessori \u201ePom\u00f3\u017c mi zrobi\u0107 to samemu\u201d<\/li>\n<li>\u201eArteterapia w praktyce- warsztaty muzykoterapeutyczne\u201d<\/li>\n<li>\u201eMaluchy rosn\u0105\u2026. Nie tylko wiosn\u0105- wspieranie rozwoju ma\u0142ych dzieci w przedszkolu\u201d<\/li>\n<li>\u201eZabawa z muzyk\u0105 klasyczn\u0105 jako czynnik stymuluj\u0105cy rozw\u00f3j muzyczny dziecka\u201d<\/li>\n<li>\u201eW krainie papieru- zabawy ruchowe do wierszy i piosenek z wykorzystaniem r\u00f3\u017cnych form papieru\u201d<\/li>\n<li>\u201eZabawy i piosenki na wyci\u0105gni\u0119cie r\u0119ki- czyli jak czerpa\u0107 rado\u015b\u0107 z dzia\u0142a\u0144 integracyjnych dla dzieci i doros\u0142ych\u201d<\/li>\n<li>\u201eZr\u00f3b to sam- lalki, kukie\u0142ki i inne pomoce- warsztaty teatralne dla nauczyciela przedszkola i edukacji wczesnoszkolnej\u201d<\/li>\n<li>\u201eDoskonal\u0105cy kurs j\u0119zyka angielskiego, przygotowuj\u0105cy do nauczania j\u0119zyka angielskiego na etapie przedszkolnym i wczesnoszkolnym\u201d<\/li>\n<li>Konferencja\u00a0\u201eDziecko ze specjalnymi potrzebami edukacyjnymi\u201d<\/li>\n<li>Kurs\u00a0\u201eDziecko z autyzmem oraz Zespo\u0142em Aspergera w szkole\/plac\u00f3wce o\u015bwiatowej\u201d<\/li>\n<li>Szkolenie\u00a0\u201eZimowanki \u2013 muzyczne inspiracje na przedstawienia zimowe\u201d<\/li>\n<li>Szkolenie &#8222;Sopelkowe Jingle Bells &#8211; zimowe piosenki i ta\u0144ce dla dzieci&#8221;<\/li>\n<li>Warsztaty metodyczne\u201eKleksod\u017awi\u0119ki, czyli muzyczno-plastyczne zabawy sensomotoryczne\u201d<\/li>\n<li>Owocowe boogie woogie \/wiosna &#8211; lato \/ piosenki, zabawy i ta\u0144ce dla dzieci<\/li>\n<li>Kurs \u201eNeurobiologiczne podstawy integracji sensorycznej. Teoria\u00a0 integracji sensorycznej &#8211; wst\u0119p dla opiekun\u00f3w \u017c\u0142obkowych oraz nauczycieli przedszkola&#8221;<\/li>\n<li>Kurs \u201eSen \u017byrafy &#8211; czyli porozumienie bez przemocy w przedszkolu\u201d<\/li>\n<li>Warsztaty \u201eArteterapia &#8211; warsztaty\u201d<\/li>\n<li>Kurs \u201eMuzykoterapia \/ Batia Strauss\u201d<\/li>\n<li>Warsztaty\u201eDywanowe piosenki &#8211; piosenki i zabawy dla dzieci\u201d<\/li>\n<\/ul>\n<p><strong>\u00a0<\/strong>______________________________<\/p>\n<ul>\n<li><\/li>\n<\/ul>\n<p><strong>\u00a0<\/strong>______________________________<\/p>\n","protected":false},"excerpt":{"rendered":"<p>Naturalnie na edukowaniu si\u0119 nie ko\u0144czy. Nauczycielki przecie\u017c zapewniaj\u0105 wszechstronn\u0105 opiek\u0119, wychowuj\u0105, pociesz\u0105 czy przytul\u0105 w potrzebie. _____________________________ lic. Karolina Adamczak _____________________________ mgr Julia Wojtkowiak &#8211; nauczyciel wychowania przedszkolnego (grupa \u201eBiedronki\u201d) Kwalifikacje: Wy\u017csza Szko\u0142a Nauk Humanistycznych i Dziennikarstwa (obecnie Collegium &hellip; <a href=\"https:\/\/www.enart.com.pl\/?page_id=1265\">Czytaj dalej <span class=\"meta-nav\">&rarr;<\/span><\/a><\/p>\n","protected":false},"author":2,"featured_media":0,"parent":0,"menu_order":7,"comment_status":"closed","ping_status":"open","template":"","meta":[],"_links":{"self":[{"href":"https:\/\/www.enart.com.pl\/index.php?rest_route=\/wp\/v2\/pages\/1265"}],"collection":[{"href":"https:\/\/www.enart.com.pl\/index.php?rest_route=\/wp\/v2\/pages"}],"about":[{"href":"https:\/\/www.enart.com.pl\/index.php?rest_route=\/wp\/v2\/types\/page"}],"author":[{"embeddable":true,"href":"https:\/\/www.enart.com.pl\/index.php?rest_route=\/wp\/v2\/users\/2"}],"replies":[{"embeddable":true,"href":"https:\/\/www.enart.com.pl\/index.php?rest_route=%2Fwp%2Fv2%2Fcomments&post=1265"}],"version-history":[{"count":33,"href":"https:\/\/www.enart.com.pl\/index.php?rest_route=\/wp\/v2\/pages\/1265\/revisions"}],"predecessor-version":[{"id":3581,"href":"https:\/\/www.enart.com.pl\/index.php?rest_route=\/wp\/v2\/pages\/1265\/revisions\/3581"}],"wp:attachment":[{"href":"https:\/\/www.enart.com.pl\/index.php?rest_route=%2Fwp%2Fv2%2Fmedia&parent=1265"}],"curies":[{"name":"wp","href":"https:\/\/api.w.org\/{rel}","templated":true}]}}