{"id":1312,"date":"2014-02-12T19:02:30","date_gmt":"2014-02-12T19:02:30","guid":{"rendered":"http:\/\/www.enart.com.pl\/?page_id=1312"},"modified":"2014-02-13T11:14:24","modified_gmt":"2014-02-13T11:14:24","slug":"programy","status":"publish","type":"page","link":"https:\/\/www.enart.com.pl\/?page_id=1312","title":{"rendered":"Programy"},"content":{"rendered":"<p>1. <span style=\"text-decoration: underline;\">Programy nauczania:<\/span><\/p>\n<ul>\n<li><strong><em>\u201eRazem w przedszkolu\u201d &#8211; <\/em><\/strong>Program\u00a0wychowania przedszkolnego &#8211; Jolanta Andrzejewska, Jolanta Wierucka &#8211; WSiP<\/li>\n<li><strong><em>\u201eDziecko w swym \u017cywiole\u201d &#8211; <\/em><\/strong>Program\u00a0wychowania przedszkolnego &#8211; Anna Paw\u0142owska-Niedba\u0142a, Justyna \u015awi\u0119cicka, Ewelina Wilkos &#8211; Nowa Era<\/li>\n<li><em>&#8222;<strong>Our Discovery Island 1<\/strong>&#8221;\u00a0 (j\u0119zyk angielski)\u00a0&#8211;<\/em> Leone Dyson, Katarzyna Poglodzinska, Tessa Lochowski, Linette Ansel Erocak, Sagrario Salaberri &#8211;\u00a0Longman Pearson Education<\/li>\n<\/ul>\n<p>2. <span style=\"text-decoration: underline;\">Program autorski<\/span> do nauczania rytmiki i ta\u0144ca &#8211; <strong><em>&#8222;Od rytmiki do ta\u0144ca&#8221;<\/em><\/strong> &#8211; Joanna Kowalska<\/p>\n<p>3. <span style=\"text-decoration: underline;\">Programy profilaktyczno &#8211; zdrowotne:<\/span><\/p>\n<ul>\n<li><em><em><strong>&#8222;Moje dziecko idzie do szko\u0142y&#8221;<\/strong> <\/em><\/em>Program ten skierowany jest m.in. do dzieci przedszkolnych, ich rodzic\u00f3w i nauczycieli. Autorem programu jest Oddzia\u0142 Promocji i O\u015bwiaty Zdrowotnej Wojew\u00f3dzkiej Stacji Sanitarno-Epidemiologicznej w Poznaniu.\n<p>G\u0142\u00f3wnym jego celem jest ukszta\u0142towanie prawid\u0142owych nawyk\u00f3w i umiej\u0119tno\u015bci prozdrowotnych u dzieci przedszkolnych i ich rodzic\u00f3w.<\/p>\n<p>Cele szczeg\u00f3\u0142owe obejmuj\u0105: podniesienie poziomu wiedzy rodzic\u00f3w na temat wybranych element\u00f3w zdrowego stylu \u017cycia, \u017cywienia oraz wskazanie innych czynnik\u00f3w maj\u0105cych wp\u0142yw na zachowanie zdrowia.<\/li>\n<li><em><strong>Kubusiowi Przyjaciele Natury&#8221;\u00a0<\/strong> &#8211; jest to jeden z najwi\u0119kszych og\u00f3lnopolskich program\u00f3w edukacyjnych dla przedszkoli, organizowany przez mark\u0119 Kubu\u015b.\u00a0Celem programu skierowanego do przedszkolak\u00f3w w ca\u0142ej Polsce jest zach\u0119canie dzieci do dbania o \u015brodowisko naturalne. G\u0142\u00f3wnym zadaniem ma\u0142ych uczestnik\u00f3w jest przygotowanie szeregu projekt\u00f3w ekologicznych, np. uprawianie ogr\u00f3dk\u00f3w, organizowanie przyrodniczych wycieczek oraz ekologicznych akcji z okazji Dnia Marchewki, Pierwszego Dnia Wiosny, konkurs\u00f3w plastycznych oraz przedstawie\u0144 dla rodzic\u00f3w i wiele innych ekologicznych dzia\u0142a\u0144.<\/em><\/li>\n<\/ul>\n<p>&nbsp;<\/p>\n","protected":false},"excerpt":{"rendered":"<p>1. Programy nauczania: \u201eRazem w przedszkolu\u201d &#8211; Program\u00a0wychowania przedszkolnego &#8211; Jolanta Andrzejewska, Jolanta Wierucka &#8211; WSiP \u201eDziecko w swym \u017cywiole\u201d &#8211; Program\u00a0wychowania przedszkolnego &#8211; Anna Paw\u0142owska-Niedba\u0142a, Justyna \u015awi\u0119cicka, Ewelina Wilkos &#8211; Nowa Era &#8222;Our Discovery Island 1&#8221;\u00a0 (j\u0119zyk angielski)\u00a0&#8211; Leone &hellip; <a href=\"https:\/\/www.enart.com.pl\/?page_id=1312\">Czytaj dalej <span class=\"meta-nav\">&rarr;<\/span><\/a><\/p>\n","protected":false},"author":2,"featured_media":0,"parent":0,"menu_order":3,"comment_status":"closed","ping_status":"open","template":"","meta":[],"_links":{"self":[{"href":"https:\/\/www.enart.com.pl\/index.php?rest_route=\/wp\/v2\/pages\/1312"}],"collection":[{"href":"https:\/\/www.enart.com.pl\/index.php?rest_route=\/wp\/v2\/pages"}],"about":[{"href":"https:\/\/www.enart.com.pl\/index.php?rest_route=\/wp\/v2\/types\/page"}],"author":[{"embeddable":true,"href":"https:\/\/www.enart.com.pl\/index.php?rest_route=\/wp\/v2\/users\/2"}],"replies":[{"embeddable":true,"href":"https:\/\/www.enart.com.pl\/index.php?rest_route=%2Fwp%2Fv2%2Fcomments&post=1312"}],"version-history":[{"count":7,"href":"https:\/\/www.enart.com.pl\/index.php?rest_route=\/wp\/v2\/pages\/1312\/revisions"}],"predecessor-version":[{"id":1347,"href":"https:\/\/www.enart.com.pl\/index.php?rest_route=\/wp\/v2\/pages\/1312\/revisions\/1347"}],"wp:attachment":[{"href":"https:\/\/www.enart.com.pl\/index.php?rest_route=%2Fwp%2Fv2%2Fmedia&parent=1312"}],"curies":[{"name":"wp","href":"https:\/\/api.w.org\/{rel}","templated":true}]}}