{"id":1336,"date":"2014-02-12T19:17:02","date_gmt":"2014-02-12T19:17:02","guid":{"rendered":"http:\/\/www.enart.com.pl\/?page_id=1336"},"modified":"2022-03-10T13:01:07","modified_gmt":"2022-03-10T13:01:07","slug":"charytatywne","status":"publish","type":"page","link":"https:\/\/www.enart.com.pl\/?page_id=1336","title":{"rendered":"Charytatywne"},"content":{"rendered":"<ul>\n<li>&#8222;Nakr\u0119tki dla Krzysia&#8221; &#8211; nasze przedszkolaki zbieraj\u0105 sumiennie nakr\u0119tki, dzi\u0119ki kt\u00f3rym ch\u0142opiec korzysta z rehabilitacji. Krzy\u015b P\u0142aczek mieszka w Smolicach (gmina Kobylin). Przyszed\u0142 na \u015bwiat 31 stycznia 2010 roku. Ch\u0142opiec od urodzenia zmaga si\u0119 z powa\u017cnymi chorobami. Krzy\u015b jest wcze\u015bniakiem, urodzonym z zamartwic\u0105 i zaburzeniami w oddychaniu. Zdiagnozowano u niego: wad\u0119 OUN \u2013 o\u015brodkowego uk\u0142adu nerwowego (hipoplazj\u0119 cia\u0142a modzelowatego), dysmorfi\u0119 twarzy (podejrzenie dysplazji czaszkowo-czo\u0142owo-nosowej), padaczk\u0119, op\u00f3\u017anienie rozwoju psycho-motorycznego. Krzy\u015b jest pod opiek\u0105 r\u00f3\u017cnych poradni specjalistycznych. Ucz\u0119szcza na rehabilitacj\u0119 i wczesne wspomaganie rozwoju ma\u0142ego dziecka. Ch\u0142opiec jest dzieckiem le\u017c\u0105cym. Wymaga sta\u0142ej opieki i ci\u0105g\u0142ej rehabilitacji, kt\u00f3ra wp\u0142ywa na niego pozytywnie. Pomimo wielu ogranicze\u0144 jest dzieckiem radosnym.<\/li>\n<li>&#8222;G\u00f3ra Grosza&#8221; &#8211; kilka razy uczestniczyli\u015bmy w og\u00f3lnopolskiej akcji zbierania \u015brodk\u00f3w pieni\u0119\u017cnych, kt\u00f3re Towarzystwo Nasz Dom\u00a0przeznacza\u0142 na pomoc dla zawodowych rodzin zast\u0119pczych, rodzinnych dom\u00f3w dziecka, pomoc dla Dom\u00f3w dla Dzieci i\u00a0na kilka innych akcji pomocy dzieciom i m\u0142odzie\u017cy.<\/li>\n<li>&#8222;P\u0105czki do r\u0105czki&#8221; &#8211; do\u0142\u0105czyli\u015bmy si\u0119 do tej akcji charytatywnej, aby wspom\u00f3c niepe\u0142nosprawn\u0105 Dobrochn\u0119 Dudziak. Ze sprzeda\u017cy p\u0105czk\u00f3w uzyskali\u015bmy 928 z\u0142. Kwota &#8230;. z\u0142 zosta\u0142a przekazana na zakup schodo\u0142azu gasienicowego dla dziewczynki.<\/li>\n<li>Zuzia kontra SMA &#8211; aktywnie wspieramy zbi\u00f3rk\u0119 \u015brodk\u00f3w pieni\u0119\u017cnych na leczenie Zuzi Suleckiej ze Smogorzewa: organizujemy zbi\u00f3rki podczas wydarze\u0144 (Bal dla Zuzi, Dzie\u0144 Nauczyciela), po\u015bredniczymy w zbieraniu i wystawianiu przedmiot\u00f3w na licytacje.<\/li>\n<\/ul>\n","protected":false},"excerpt":{"rendered":"<p>&#8222;Nakr\u0119tki dla Krzysia&#8221; &#8211; nasze przedszkolaki zbieraj\u0105 sumiennie nakr\u0119tki, dzi\u0119ki kt\u00f3rym ch\u0142opiec korzysta z rehabilitacji. Krzy\u015b P\u0142aczek mieszka w Smolicach (gmina Kobylin). Przyszed\u0142 na \u015bwiat 31 stycznia 2010 roku. Ch\u0142opiec od urodzenia zmaga si\u0119 z powa\u017cnymi chorobami. Krzy\u015b jest wcze\u015bniakiem, &hellip; <a href=\"https:\/\/www.enart.com.pl\/?page_id=1336\">Czytaj dalej <span class=\"meta-nav\">&rarr;<\/span><\/a><\/p>\n","protected":false},"author":2,"featured_media":0,"parent":1334,"menu_order":0,"comment_status":"closed","ping_status":"open","template":"","meta":[],"_links":{"self":[{"href":"https:\/\/www.enart.com.pl\/index.php?rest_route=\/wp\/v2\/pages\/1336"}],"collection":[{"href":"https:\/\/www.enart.com.pl\/index.php?rest_route=\/wp\/v2\/pages"}],"about":[{"href":"https:\/\/www.enart.com.pl\/index.php?rest_route=\/wp\/v2\/types\/page"}],"author":[{"embeddable":true,"href":"https:\/\/www.enart.com.pl\/index.php?rest_route=\/wp\/v2\/users\/2"}],"replies":[{"embeddable":true,"href":"https:\/\/www.enart.com.pl\/index.php?rest_route=%2Fwp%2Fv2%2Fcomments&post=1336"}],"version-history":[{"count":7,"href":"https:\/\/www.enart.com.pl\/index.php?rest_route=\/wp\/v2\/pages\/1336\/revisions"}],"predecessor-version":[{"id":3239,"href":"https:\/\/www.enart.com.pl\/index.php?rest_route=\/wp\/v2\/pages\/1336\/revisions\/3239"}],"up":[{"embeddable":true,"href":"https:\/\/www.enart.com.pl\/index.php?rest_route=\/wp\/v2\/pages\/1334"}],"wp:attachment":[{"href":"https:\/\/www.enart.com.pl\/index.php?rest_route=%2Fwp%2Fv2%2Fmedia&parent=1336"}],"curies":[{"name":"wp","href":"https:\/\/api.w.org\/{rel}","templated":true}]}}