{"id":273,"date":"2011-11-08T17:15:41","date_gmt":"2011-11-08T17:15:41","guid":{"rendered":"http:\/\/www.enart.com.pl\/?page_id=273"},"modified":"2014-02-12T19:09:24","modified_gmt":"2014-02-12T19:09:24","slug":"dziekuje","status":"publish","type":"page","link":"https:\/\/www.enart.com.pl\/?page_id=273","title":{"rendered":"Dzi\u0119kuj\u0119"},"content":{"rendered":"<p>Wielkie podzi\u0119kowania dla wszystkich ludzi dobrej woli, dzi\u0119ki pomocy kt\u00f3rych przedszkole &#8222;ENART&#8221; powsta\u0142o i rozwija si\u0119.<\/p>\n<p>Aurelia<\/p>\n","protected":false},"excerpt":{"rendered":"<p>Wielkie podzi\u0119kowania dla wszystkich ludzi dobrej woli, dzi\u0119ki pomocy kt\u00f3rych przedszkole &#8222;ENART&#8221; powsta\u0142o i rozwija si\u0119. Aurelia<\/p>\n","protected":false},"author":2,"featured_media":0,"parent":0,"menu_order":8,"comment_status":"closed","ping_status":"open","template":"","meta":[],"_links":{"self":[{"href":"https:\/\/www.enart.com.pl\/index.php?rest_route=\/wp\/v2\/pages\/273"}],"collection":[{"href":"https:\/\/www.enart.com.pl\/index.php?rest_route=\/wp\/v2\/pages"}],"about":[{"href":"https:\/\/www.enart.com.pl\/index.php?rest_route=\/wp\/v2\/types\/page"}],"author":[{"embeddable":true,"href":"https:\/\/www.enart.com.pl\/index.php?rest_route=\/wp\/v2\/users\/2"}],"replies":[{"embeddable":true,"href":"https:\/\/www.enart.com.pl\/index.php?rest_route=%2Fwp%2Fv2%2Fcomments&post=273"}],"version-history":[{"count":2,"href":"https:\/\/www.enart.com.pl\/index.php?rest_route=\/wp\/v2\/pages\/273\/revisions"}],"predecessor-version":[{"id":1323,"href":"https:\/\/www.enart.com.pl\/index.php?rest_route=\/wp\/v2\/pages\/273\/revisions\/1323"}],"wp:attachment":[{"href":"https:\/\/www.enart.com.pl\/index.php?rest_route=%2Fwp%2Fv2%2Fmedia&parent=273"}],"curies":[{"name":"wp","href":"https:\/\/api.w.org\/{rel}","templated":true}]}}