{"id":3121,"date":"2021-02-15T09:37:33","date_gmt":"2021-02-15T09:37:33","guid":{"rendered":"http:\/\/www.enart.com.pl\/?page_id=3121"},"modified":"2021-02-15T09:37:33","modified_gmt":"2021-02-15T09:37:33","slug":"pomoc-psychologoczno-pedagogiczna","status":"publish","type":"page","link":"https:\/\/www.enart.com.pl\/?page_id=3121","title":{"rendered":"Pomoc psychologoczno &#8211; pedagogiczna"},"content":{"rendered":"<p class=\"v1MsoNormal\">W zwi\u0105zku z\u00a0apelem Wielkopolskiego Kuratora O\u015bwiaty o upowszechnienie\u00a0informacji<br \/>\no pomocy psychologiczno &#8211; pedagogicznej oraz o \u0142atwym dost\u0119pie\u00a0do os\u00f3b pracuj\u0105cych w\u00a0 poradni informujemy, \u017ce Poradnia Psychologiczno \u2013 Pedagogiczna w Gostyniu pracuje stacjonarnie, realizuj\u0105c swoje zadania, jak dotychczas prowadzimy diagnoz\u0119, wszystkie terapie i wczesne wspomaganie rozwoju. W ograniczonym zakresie realizujemy zadania na terenie szk\u00f3\u0142 i przedszkoli.<\/p>\n<p class=\"v1MsoNormal\">Poradnia dzia\u0142a w trybie stacjonarnym oraz pracuje od poniedzia\u0142ku do czwartku<br \/>\nw godzinach od 8.00 do 19.00, a w pi\u0105tki do 15.00.<br \/>\nNumery telefon\u00f3w:<br \/>\n<strong>65\u00a0572 06 97<\/strong> i <strong>65\u00a0572 31 77<\/strong><br \/>\ni link do strony internetowej:<br \/>\n<span class=\"v1MsoHyperlink\"><a href=\"http:\/\/www.poradniapp.gostyn.pl\/\" target=\"_blank\" rel=\"noopener noreferrer\">\u00a0 \u00a0 \u00a0 \u00a0 \u00a0 \u00a0 \u00a0 \u00a0 \u00a0 \u00a0 \u00a0 \u00a0 \u00a0 \u00a0 \u00a0 \u00a0 \u00a0 \u00a0 \u00a0 \u00a0 \u00a0 \u00a0 \u00a0 \u00a0Poradnia Psychologiczno-Pedagogiczna w Gostyniu<\/a><\/span><\/p>\n<p>15.02.2021 r. [Krystyna Piasecka, Dyrektor Poradni Psychologiczno \u2013 Pedagogicznej<br \/>\nw Gostyniu]<\/p>\n","protected":false},"excerpt":{"rendered":"<p>W zwi\u0105zku z\u00a0apelem Wielkopolskiego Kuratora O\u015bwiaty o upowszechnienie\u00a0informacji o pomocy psychologiczno &#8211; pedagogicznej oraz o \u0142atwym dost\u0119pie\u00a0do os\u00f3b pracuj\u0105cych w\u00a0 poradni informujemy, \u017ce Poradnia Psychologiczno \u2013 Pedagogiczna w Gostyniu pracuje stacjonarnie, realizuj\u0105c swoje zadania, jak dotychczas prowadzimy diagnoz\u0119, wszystkie terapie &hellip; <a href=\"https:\/\/www.enart.com.pl\/?page_id=3121\">Czytaj dalej <span class=\"meta-nav\">&rarr;<\/span><\/a><\/p>\n","protected":false},"author":2,"featured_media":0,"parent":0,"menu_order":0,"comment_status":"closed","ping_status":"closed","template":"","meta":[],"_links":{"self":[{"href":"https:\/\/www.enart.com.pl\/index.php?rest_route=\/wp\/v2\/pages\/3121"}],"collection":[{"href":"https:\/\/www.enart.com.pl\/index.php?rest_route=\/wp\/v2\/pages"}],"about":[{"href":"https:\/\/www.enart.com.pl\/index.php?rest_route=\/wp\/v2\/types\/page"}],"author":[{"embeddable":true,"href":"https:\/\/www.enart.com.pl\/index.php?rest_route=\/wp\/v2\/users\/2"}],"replies":[{"embeddable":true,"href":"https:\/\/www.enart.com.pl\/index.php?rest_route=%2Fwp%2Fv2%2Fcomments&post=3121"}],"version-history":[{"count":1,"href":"https:\/\/www.enart.com.pl\/index.php?rest_route=\/wp\/v2\/pages\/3121\/revisions"}],"predecessor-version":[{"id":3122,"href":"https:\/\/www.enart.com.pl\/index.php?rest_route=\/wp\/v2\/pages\/3121\/revisions\/3122"}],"wp:attachment":[{"href":"https:\/\/www.enart.com.pl\/index.php?rest_route=%2Fwp%2Fv2%2Fmedia&parent=3121"}],"curies":[{"name":"wp","href":"https:\/\/api.w.org\/{rel}","templated":true}]}}