{"id":3765,"date":"2024-09-12T11:12:57","date_gmt":"2024-09-12T11:12:57","guid":{"rendered":"https:\/\/www.enart.com.pl\/?page_id=3765"},"modified":"2024-09-12T11:19:01","modified_gmt":"2024-09-12T11:19:01","slug":"zakonczenie-dzialalnosci","status":"publish","type":"page","link":"https:\/\/www.enart.com.pl\/","title":{"rendered":"Zako\u0144czenie dzia\u0142alno\u015bci"},"content":{"rendered":"\n<p>Dzie\u0144 Dobry!<br>Informuj\u0119, i\u017c plac\u00f3wka zako\u0144czy\u0142a dzia\u0142alno\u015b\u0107 31.08.2024 r.<\/p>\n\n\n\n<p>Z powa\u017caniem<br>Aurelia Pikulska [dyrektor\/w\u0142a\u015bciciel]<br>Przedszkole Niepubliczne &#8222;ENART&#8221;<br>ul. Drz\u0119czewska 8<br>63-820 Piaski<br>Tel. 609 450 668<\/p>\n","protected":false},"excerpt":{"rendered":"<p>Dzie\u0144 Dobry!Informuj\u0119, i\u017c plac\u00f3wka zako\u0144czy\u0142a dzia\u0142alno\u015b\u0107 31.08.2024 r. Z powa\u017caniemAurelia Pikulska [dyrektor\/w\u0142a\u015bciciel]Przedszkole Niepubliczne &#8222;ENART&#8221;ul. Drz\u0119czewska 863-820 PiaskiTel. 609 450 668<\/p>\n","protected":false},"author":1,"featured_media":0,"parent":0,"menu_order":0,"comment_status":"closed","ping_status":"closed","template":"","meta":[],"_links":{"self":[{"href":"https:\/\/www.enart.com.pl\/index.php?rest_route=\/wp\/v2\/pages\/3765"}],"collection":[{"href":"https:\/\/www.enart.com.pl\/index.php?rest_route=\/wp\/v2\/pages"}],"about":[{"href":"https:\/\/www.enart.com.pl\/index.php?rest_route=\/wp\/v2\/types\/page"}],"author":[{"embeddable":true,"href":"https:\/\/www.enart.com.pl\/index.php?rest_route=\/wp\/v2\/users\/1"}],"replies":[{"embeddable":true,"href":"https:\/\/www.enart.com.pl\/index.php?rest_route=%2Fwp%2Fv2%2Fcomments&post=3765"}],"version-history":[{"count":3,"href":"https:\/\/www.enart.com.pl\/index.php?rest_route=\/wp\/v2\/pages\/3765\/revisions"}],"predecessor-version":[{"id":3768,"href":"https:\/\/www.enart.com.pl\/index.php?rest_route=\/wp\/v2\/pages\/3765\/revisions\/3768"}],"wp:attachment":[{"href":"https:\/\/www.enart.com.pl\/index.php?rest_route=%2Fwp%2Fv2%2Fmedia&parent=3765"}],"curies":[{"name":"wp","href":"https:\/\/api.w.org\/{rel}","templated":true}]}}