{"id":380,"date":"2012-02-07T16:51:32","date_gmt":"2012-02-07T16:51:32","guid":{"rendered":"http:\/\/www.enart.com.pl\/?page_id=380"},"modified":"2014-02-12T19:09:07","modified_gmt":"2014-02-12T19:09:07","slug":"do-przedszkola","status":"publish","type":"page","link":"https:\/\/www.enart.com.pl\/?page_id=380","title":{"rendered":"Do Przedszkola"},"content":{"rendered":"<p align=\"center\"><strong>\u201e7 powod\u00f3w, dla kt\u00f3rych warto pos\u0142a\u0107 dziecko do przedszkola.\u201d<\/strong><\/p>\n<p>&nbsp;<\/p>\n<p>Decyzj\u0119 o pos\u0142aniu dziecka do przedszkola, czy opiekowania si\u0119 nim w domu podejmuj\u0105 rodzice. To od ich wybor\u00f3w zale\u017cy, czy b\u0119dzie si\u0119 ono prawid\u0142owo rozwija\u0142o, czy b\u0119dzie umia\u0142o znale\u017a\u0107 si\u0119 w grupie r\u00f3wie\u015bnik\u00f3w i dostosowa\u0107 do wymaga\u0144 otoczenia.<\/p>\n<p>Rodzice chc\u0105, by ich pociecha mia\u0142a wiele kole\u017canek i koleg\u00f3w, by odnosi\u0142a sukcesy, rozwija\u0142a swe umiej\u0119tno\u015bci i zainteresowania. Takie mo\u017cliwo\u015bci daje przedszkole.<\/p>\n<p>&nbsp;<\/p>\n<p><span style=\"text-decoration: underline;\">Oto 7 powod\u00f3w, dla kt\u00f3rych warto pos\u0142a\u0107 dziecko do przedszkola:<\/span><\/p>\n<p><span style=\"text-decoration: underline;\">\u00a0<\/span><\/p>\n<p><strong>1.\u00a0\u00a0\u00a0\u00a0\u00a0\u00a0\u00a0 <\/strong><strong>Przedszkole uczy samodzielno\u015bci<\/strong><\/p>\n<p>Dziecko obserwuje \u015bwiat wok\u00f3\u0142 siebie i w taki spos\u00f3b go poznaje. Bada zachowanie innych i na tej podstawie wykszta\u0142ca w sobie w\u0142a\u015bciwe dla danej sytuacji zachowanie, w tym te\u017c samodzielno\u015b\u0107.<\/p>\n<p>&nbsp;<\/p>\n<p><strong>2.\u00a0\u00a0\u00a0\u00a0\u00a0\u00a0\u00a0 <\/strong><strong>Przedszkole pokazuje, jak funkcjonowa\u0107 w grupie<\/strong><\/p>\n<p>Przedszkole jest miejscem, w kt\u00f3rym spotyka si\u0119 wiele dzieci. S\u0105 w\u015br\u00f3d nich te, z kt\u00f3rymi nasze dziecko si\u0119 zaprzyja\u017ani- bo s\u0105 mi\u0142e, ale spotka i takie, z kt\u00f3rymi b\u0119dzie \u201etoczy\u0107 boje\u201d o zabawki, kredki itp.<\/p>\n<p>Ka\u017cde z tych do\u015bwiadcze\u0144 b\u0119dzie dla niego niezwykle cenne, bowiem nauczy je zasad rz\u0105dz\u0105cych grup\u0105 jako ca\u0142o\u015bci\u0105 i da mo\u017cliwo\u015b\u0107 nabycia umiej\u0119tno\u015bci wsp\u00f3\u0142pracy z innymi.<\/p>\n<p>Dzi\u0119ki temu przedszkolak zaczyna rozpoznawa\u0107 zachowania r\u00f3wie\u015bnik\u00f3w, uczy si\u0119 reagowa\u0107 na sytuacje, kt\u00f3re spotyka jako dziecko, a p\u00f3\u017aniej doros\u0142y.<\/p>\n<p>&nbsp;<\/p>\n<p><strong>3.\u00a0\u00a0\u00a0\u00a0\u00a0\u00a0\u00a0 <\/strong><strong>Przedszkole uczy nawi\u0105zywania kontakt\u00f3w<\/strong><\/p>\n<p>Jednym dzieciom przychodzi to \u0142atwo, innym odezwanie si\u0119 do r\u00f3wie\u015bnika sprawia k\u0142opot.<\/p>\n<p>W piaskownicy wyr\u0119cza je czasem mama, kt\u00f3ra pomaga prze\u0142amywa\u0107 pierwsze lody.<\/p>\n<p>W przedszkolu dziecko musi poradzi\u0107 sobie samo. Uczy si\u0119 wtedy pokonywa\u0107 nie\u015bmia\u0142o\u015b\u0107, wstydliwo\u015b\u0107, by zdoby\u0107 sympati\u0119 koleg\u00f3w, czy kole\u017canek. Je\u015bli nie nauczy si\u0119 tego na samym pocz\u0105tku swej drogi \u017cyciowej, b\u0119dzie mu trudniej nawi\u0105zywa\u0107 kontakty w doros\u0142ym \u017cyciu.<\/p>\n<p><strong>\u00a0<\/strong><\/p>\n<p><strong>4.\u00a0\u00a0\u00a0\u00a0\u00a0\u00a0\u00a0 <\/strong><strong>Przedszkole uczy wsp\u00f3\u0142pracy<\/strong><\/p>\n<p>Dziecko, kt\u00f3re nie ma rodze\u0144stwa lub z braku czasu rodzic\u00f3w sp\u0119dza sw\u00f3j czas na samotnej zabawie, nie ma mo\u017cliwo\u015bci nauczenia si\u0119 wsp\u00f3\u0142dzia\u0142ania.<\/p>\n<p>Zabawa z r\u00f3wie\u015bnikami w przedszkolu stwarza doskona\u0142e warunki do kszta\u0142towania w nim umiej\u0119tno\u015bci wsp\u00f3\u0142pracy z innymi, uczy tolerancji i otwiera je na \u015bwiat. Ponadto dziecko w grupie uczy si\u0119 kompromis\u00f3w i dzielenia z innymi.<\/p>\n<p>&nbsp;<\/p>\n<p><strong>5.\u00a0\u00a0\u00a0\u00a0\u00a0\u00a0\u00a0 <\/strong><strong>Przedszkole uczy pos\u0142usze\u0144stwa<\/strong><\/p>\n<p>Dziecko szybko przyzwyczaja si\u0119 do wygody i staje si\u0119 mistrzem w przekraczaniu granic cierpliwo\u015bci rodzic\u00f3w. Je\u015bli rodzice o co\u015b je poprosz\u0105, a p\u00f3\u017aniej tego nie egzekwuj\u0105, malec nie nauczy si\u0119 pos\u0142usze\u0144stwa.<\/p>\n<p>W przedszkolu za\u015b s\u0142ucha nauczyciela. Je to, co jest na obiad, a nie to, na co ma ochot\u0119 i tak, jak w domu wymusi\u0142by na mamie p\u0142aczem lub krzykiem ust\u0119pstwo, tak w przedszkolu musi by\u0107 pos\u0142uszny i grzecznie wykonywa\u0107 polecenia wychowawczyni.<\/p>\n<p>&nbsp;<\/p>\n<p><strong>6.\u00a0\u00a0\u00a0\u00a0\u00a0\u00a0\u00a0 <\/strong><strong>Przedszkole uczy odpowiedzialno\u015bci<\/strong><\/p>\n<p>Tutaj dziecko uczy si\u0119 odpowiedzialno\u015bci za siebie i innych. Wie, \u017ce musi pilnowa\u0107 zabawek, sprz\u0105ta\u0107 je po sko\u0144czonej zabawie i od\u0142o\u017cy\u0107 na miejsce. W ten spos\u00f3b dziecko wykszta\u0142ca w sobie umiej\u0119tno\u015b\u0107 dbania o siebie, o przedmioty itd. Sam kszta\u0142tuje i utrwala zdolno\u015b\u0107 do bycia odpowiedzialnym.<\/p>\n<p>&nbsp;<\/p>\n<p><strong>7.\u00a0\u00a0\u00a0\u00a0\u00a0\u00a0\u00a0 <\/strong><strong>Przedszkole stymuluje wszechstronny rozw\u00f3j<\/strong><\/p>\n<p>W przedszkolu dzieci nie tylko czytaj\u0105 i \u0107wicz\u0105 pami\u0119\u0107 poprzez zapami\u0119tywanie wierszyk\u00f3w i piosenek, ale uczestnicz\u0105 w zaj\u0119ciach plastycznych, \u015bpiewaj\u0105, ta\u0144cz\u0105 itp. Zaj\u0119cia te sprzyjaj\u0105 odkrywaniu umiej\u0119tno\u015bci tw\u00f3rczych, a tak\u017ce sprzyjaj\u0105 rozwijaniu indywidualnych zainteresowa\u0144. Przedszkole zapewnia warunki do zdobywania nowych umiej\u0119tno\u015bci i systematycznego pog\u0142\u0119biania wiedzy, gdy\u017c umo\u017cliwia poznawanie \u015bwiata poprzez samodzielne eksperymentowanie i badanie otoczenia.<\/p>\n<p>&nbsp;<\/p>\n<p><strong>Reasumuj\u0105c:<\/strong><\/p>\n<p>Dziecko, kt\u00f3re ucz\u0119szcza do przedszkola ma wi\u0119cej mo\u017cliwo\u015bci. Daje mu je grupa dzieci, wychowawczyni, kt\u00f3ra po\u015bwi\u0119ca mu ca\u0142y sw\u00f3j wolny czas i skupia na nim uwag\u0119.<\/p>\n<p>Rodzic mo\u017ce wtedy zaj\u0105\u0107 si\u0119 sob\u0105, swoim rozwojem zawodowym i osi\u0105ganiem sukces\u00f3w.<\/p>\n<p><strong>Wy\u015blij dziecko do przedszkola!<\/strong><\/p>\n<p>B\u0119dziesz wtedy mie\u0107 poczucie spe\u0142nionego obowi\u0105zku, a Twoje dziecko posi\u0105dzie cenne umiej\u0119tno\u015bci niezb\u0119dnie w doros\u0142ym \u017cyciu.<\/p>\n<p>&nbsp;<\/p>\n<p>Na\u00a0 podstawie \u201dabcprzedszkola.pl\u201d<\/p>\n","protected":false},"excerpt":{"rendered":"<p>\u201e7 powod\u00f3w, dla kt\u00f3rych warto pos\u0142a\u0107 dziecko do przedszkola.\u201d &nbsp; Decyzj\u0119 o pos\u0142aniu dziecka do przedszkola, czy opiekowania si\u0119 nim w domu podejmuj\u0105 rodzice. To od ich wybor\u00f3w zale\u017cy, czy b\u0119dzie si\u0119 ono prawid\u0142owo rozwija\u0142o, czy b\u0119dzie umia\u0142o znale\u017a\u0107 si\u0119 &hellip; <a href=\"https:\/\/www.enart.com.pl\/?page_id=380\">Czytaj dalej <span class=\"meta-nav\">&rarr;<\/span><\/a><\/p>\n","protected":false},"author":2,"featured_media":0,"parent":0,"menu_order":6,"comment_status":"closed","ping_status":"open","template":"","meta":[],"_links":{"self":[{"href":"https:\/\/www.enart.com.pl\/index.php?rest_route=\/wp\/v2\/pages\/380"}],"collection":[{"href":"https:\/\/www.enart.com.pl\/index.php?rest_route=\/wp\/v2\/pages"}],"about":[{"href":"https:\/\/www.enart.com.pl\/index.php?rest_route=\/wp\/v2\/types\/page"}],"author":[{"embeddable":true,"href":"https:\/\/www.enart.com.pl\/index.php?rest_route=\/wp\/v2\/users\/2"}],"replies":[{"embeddable":true,"href":"https:\/\/www.enart.com.pl\/index.php?rest_route=%2Fwp%2Fv2%2Fcomments&post=380"}],"version-history":[{"count":2,"href":"https:\/\/www.enart.com.pl\/index.php?rest_route=\/wp\/v2\/pages\/380\/revisions"}],"predecessor-version":[{"id":1322,"href":"https:\/\/www.enart.com.pl\/index.php?rest_route=\/wp\/v2\/pages\/380\/revisions\/1322"}],"wp:attachment":[{"href":"https:\/\/www.enart.com.pl\/index.php?rest_route=%2Fwp%2Fv2%2Fmedia&parent=380"}],"curies":[{"name":"wp","href":"https:\/\/api.w.org\/{rel}","templated":true}]}}